{"id":14,"date":"2021-07-23T12:18:40","date_gmt":"2021-07-23T15:18:40","guid":{"rendered":"http:\/\/reabilitacaoorofacial.com.br\/?page_id=14"},"modified":"2021-11-08T10:35:31","modified_gmt":"2021-11-08T13:35:31","slug":"livro","status":"publish","type":"page","link":"https:\/\/reabilitacaoorofacial.com.br\/index.php\/livro\/","title":{"rendered":"Livro"},"content":{"rendered":"\t\t<div data-elementor-type=\"wp-page\" data-elementor-id=\"14\" class=\"elementor elementor-14\">\n\t\t\t\t\t\t<section class=\"elementor-section elementor-top-section elementor-element elementor-element-e435075 elementor-section-content-middle elementor-section-boxed elementor-section-height-default elementor-section-height-default\" data-id=\"e435075\" data-element_type=\"section\" data-e-type=\"section\" data-settings=\"{&quot;background_background&quot;:&quot;classic&quot;}\">\n\t\t\t\t\t\t<div class=\"elementor-container elementor-column-gap-no\">\n\t\t\t\t\t<div class=\"elementor-column elementor-col-100 elementor-top-column elementor-element elementor-element-5a5f803a\" data-id=\"5a5f803a\" data-element_type=\"column\" data-e-type=\"column\">\n\t\t\t<div class=\"elementor-widget-wrap elementor-element-populated\">\n\t\t\t\t\t\t<div class=\"elementor-element elementor-element-b6bf08f elementor-widget elementor-widget-heading\" data-id=\"b6bf08f\" data-element_type=\"widget\" data-e-type=\"widget\" data-widget_type=\"heading.default\">\n\t\t\t\t<div class=\"elementor-widget-container\">\n\t\t\t\t\t<h1 class=\"elementor-heading-title elementor-size-default\">Livro<\/h1>\t\t\t\t<\/div>\n\t\t\t\t<\/div>\n\t\t\t\t<div class=\"elementor-element elementor-element-8b4fb55 elementor-widget elementor-widget-heading\" data-id=\"8b4fb55\" data-element_type=\"widget\" data-e-type=\"widget\" data-widget_type=\"heading.default\">\n\t\t\t\t<div class=\"elementor-widget-container\">\n\t\t\t\t\t<h2 class=\"elementor-heading-title elementor-size-default\">Arquitetura facial<\/h2>\t\t\t\t<\/div>\n\t\t\t\t<\/div>\n\t\t\t\t<section class=\"elementor-section elementor-inner-section elementor-element elementor-element-7d51a40b elementor-section-content-middle elementor-section-boxed elementor-section-height-default elementor-section-height-default\" data-id=\"7d51a40b\" data-element_type=\"section\" data-e-type=\"section\">\n\t\t\t\t\t\t<div class=\"elementor-container elementor-column-gap-no\">\n\t\t\t\t\t<div class=\"elementor-column elementor-col-50 elementor-inner-column elementor-element elementor-element-3a5eba00\" data-id=\"3a5eba00\" data-element_type=\"column\" data-e-type=\"column\">\n\t\t\t<div class=\"elementor-widget-wrap elementor-element-populated\">\n\t\t\t\t\t\t<div class=\"elementor-element elementor-element-246164c1 elementor-widget elementor-widget-image\" data-id=\"246164c1\" data-element_type=\"widget\" data-e-type=\"widget\" data-widget_type=\"image.default\">\n\t\t\t\t<div class=\"elementor-widget-container\">\n\t\t\t\t\t\t\t\t\t\t\t\t\t\t\t<img fetchpriority=\"high\" decoding=\"async\" width=\"510\" height=\"474\" src=\"https:\/\/reabilitacaoorofacial.com.br\/wp-content\/uploads\/2021\/11\/arq-facial_2-600x558-510x474-1.png\" class=\"attachment-large size-large wp-image-642\" alt=\"\" srcset=\"https:\/\/reabilitacaoorofacial.com.br\/wp-content\/uploads\/2021\/11\/arq-facial_2-600x558-510x474-1.png 510w, https:\/\/reabilitacaoorofacial.com.br\/wp-content\/uploads\/2021\/11\/arq-facial_2-600x558-510x474-1-300x279.png 300w\" sizes=\"(max-width: 510px) 100vw, 510px\" \/>\t\t\t\t\t\t\t\t\t\t\t\t\t\t\t<\/div>\n\t\t\t\t<\/div>\n\t\t\t\t\t<\/div>\n\t\t<\/div>\n\t\t\t\t<div class=\"elementor-column elementor-col-50 elementor-inner-column elementor-element elementor-element-1fabab93\" data-id=\"1fabab93\" data-element_type=\"column\" data-e-type=\"column\">\n\t\t\t<div class=\"elementor-widget-wrap elementor-element-populated\">\n\t\t\t\t\t\t<div class=\"elementor-element elementor-element-6ba4ddf9 elementor-widget elementor-widget-text-editor\" data-id=\"6ba4ddf9\" data-element_type=\"widget\" data-e-type=\"widget\" data-widget_type=\"text-editor.default\">\n\t\t\t\t<div class=\"elementor-widget-container\">\n\t\t\t\t\t\t\t\t\t<p>Esse livro e\u0301 destinado aos profissionais da \u00e1rea da sa\u00fade (cirurgi\u00f5es-dentistas, m\u00e9dicos, biom\u00e9dicos e farmac\u00eauticos com especialidade na \u00e1rea da est\u00e9tica) que desejam se aprofundar nas t\u00e9cnicas de harmoniza\u00e7\u00e3o orofacial.<\/p>\t\t\t\t\t\t\t\t<\/div>\n\t\t\t\t<\/div>\n\t\t\t\t\t<\/div>\n\t\t<\/div>\n\t\t\t\t\t<\/div>\n\t\t<\/section>\n\t\t\t\t<section class=\"elementor-section elementor-inner-section elementor-element elementor-element-1451ae84 elementor-section-content-middle elementor-reverse-mobile elementor-section-boxed elementor-section-height-default elementor-section-height-default\" data-id=\"1451ae84\" data-element_type=\"section\" data-e-type=\"section\">\n\t\t\t\t\t\t<div class=\"elementor-container elementor-column-gap-no\">\n\t\t\t\t\t<div class=\"elementor-column elementor-col-50 elementor-inner-column elementor-element elementor-element-46f9db10\" data-id=\"46f9db10\" data-element_type=\"column\" data-e-type=\"column\">\n\t\t\t<div class=\"elementor-widget-wrap elementor-element-populated\">\n\t\t\t\t\t\t<div class=\"elementor-element elementor-element-2495700 elementor-widget elementor-widget-text-editor\" data-id=\"2495700\" data-element_type=\"widget\" data-e-type=\"widget\" data-widget_type=\"text-editor.default\">\n\t\t\t\t<div class=\"elementor-widget-container\">\n\t\t\t\t\t\t\t\t\t<p>Ser\u00e3o abordadas t\u00e9cnicas passo a passo de toxina botul\u00ednica nos tr\u00eas ter\u00e7os da face e aplica\u00e7\u00f5es terap\u00eauticas para sialorreia, enxaqueca cr\u00f4nica, cefaleia tensional, bruxismo, espasmo hemifacial dentre outras terapias. Tamb\u00e9m ser\u00e3o abordadas t\u00e9cnicas de preenchimento com \u00e1cido hialur\u00f4nico nos tr\u00eas ter\u00e7os da face, procedimentos de bichectomia, lipopapada enzim\u00e1tica e fios faciais.<\/p>\t\t\t\t\t\t\t\t<\/div>\n\t\t\t\t<\/div>\n\t\t\t\t\t<\/div>\n\t\t<\/div>\n\t\t\t\t<div class=\"elementor-column elementor-col-50 elementor-inner-column elementor-element elementor-element-24697ce3\" data-id=\"24697ce3\" data-element_type=\"column\" data-e-type=\"column\">\n\t\t\t<div class=\"elementor-widget-wrap elementor-element-populated\">\n\t\t\t\t\t\t<div class=\"elementor-element elementor-element-5c82c02c elementor-widget elementor-widget-image\" data-id=\"5c82c02c\" data-element_type=\"widget\" data-e-type=\"widget\" data-widget_type=\"image.default\">\n\t\t\t\t<div class=\"elementor-widget-container\">\n\t\t\t\t\t\t\t\t\t\t\t\t\t\t\t<img decoding=\"async\" width=\"998\" height=\"1011\" src=\"https:\/\/reabilitacaoorofacial.com.br\/wp-content\/uploads\/2021\/11\/Livro-1.jpg\" class=\"attachment-large size-large wp-image-821\" alt=\"\" srcset=\"https:\/\/reabilitacaoorofacial.com.br\/wp-content\/uploads\/2021\/11\/Livro-1.jpg 998w, https:\/\/reabilitacaoorofacial.com.br\/wp-content\/uploads\/2021\/11\/Livro-1-296x300.jpg 296w, https:\/\/reabilitacaoorofacial.com.br\/wp-content\/uploads\/2021\/11\/Livro-1-768x778.jpg 768w\" sizes=\"(max-width: 998px) 100vw, 998px\" \/>\t\t\t\t\t\t\t\t\t\t\t\t\t\t\t<\/div>\n\t\t\t\t<\/div>\n\t\t\t\t\t<\/div>\n\t\t<\/div>\n\t\t\t\t\t<\/div>\n\t\t<\/section>\n\t\t\t\t\t<\/div>\n\t\t<\/div>\n\t\t\t\t\t<\/div>\n\t\t<\/section>\n\t\t\t\t<\/div>\n\t\t","protected":false},"excerpt":{"rendered":"<p>Livro Arquitetura facial Esse livro e\u0301 destinado aos profissionais da \u00e1rea da sa\u00fade (cirurgi\u00f5es-dentistas, m\u00e9dicos, biom\u00e9dicos e farmac\u00eauticos com especialidade na \u00e1rea da est\u00e9tica) que desejam se aprofundar nas t\u00e9cnicas de harmoniza\u00e7\u00e3o orofacial. Ser\u00e3o abordadas t\u00e9cnicas passo a passo de toxina botul\u00ednica nos tr\u00eas ter\u00e7os da face e aplica\u00e7\u00f5es terap\u00eauticas para sialorreia, enxaqueca cr\u00f4nica, cefaleia [&hellip;]<\/p>\n","protected":false},"author":4,"featured_media":0,"parent":0,"menu_order":0,"comment_status":"closed","ping_status":"closed","template":"","meta":{"om_disable_all_campaigns":false,"_monsterinsights_skip_tracking":false,"_monsterinsights_sitenote_active":false,"_monsterinsights_sitenote_note":"","_monsterinsights_sitenote_category":0,"site-sidebar-layout":"no-sidebar","site-content-layout":"page-builder","ast-site-content-layout":"default","site-content-style":"default","site-sidebar-style":"default","ast-global-header-display":"","ast-banner-title-visibility":"","ast-main-header-display":"","ast-hfb-above-header-display":"","ast-hfb-below-header-display":"","ast-hfb-mobile-header-display":"","site-post-title":"disabled","ast-breadcrumbs-content":"","ast-featured-img":"disabled","footer-sml-layout":"","ast-disable-related-posts":"","theme-transparent-header-meta":"default","adv-header-id-meta":"","stick-header-meta":"","header-above-stick-meta":"","header-main-stick-meta":"","header-below-stick-meta":"","astra-migrate-meta-layouts":"default","ast-page-background-enabled":"default","ast-page-background-meta":{"desktop":{"background-color":"","background-image":"","background-repeat":"repeat","background-position":"center center","background-size":"auto","background-attachment":"scroll","background-type":"","background-media":"","overlay-type":"","overlay-color":"","overlay-opacity":"","overlay-gradient":""},"tablet":{"background-color":"","background-image":"","background-repeat":"repeat","background-position":"center center","background-size":"auto","background-attachment":"scroll","background-type":"","background-media":"","overlay-type":"","overlay-color":"","overlay-opacity":"","overlay-gradient":""},"mobile":{"background-color":"","background-image":"","background-repeat":"repeat","background-position":"center center","background-size":"auto","background-attachment":"scroll","background-type":"","background-media":"","overlay-type":"","overlay-color":"","overlay-opacity":"","overlay-gradient":""}},"ast-content-background-meta":{"desktop":{"background-color":"var(--ast-global-color-5)","background-image":"","background-repeat":"repeat","background-position":"center center","background-size":"auto","background-attachment":"scroll","background-type":"","background-media":"","overlay-type":"","overlay-color":"","overlay-opacity":"","overlay-gradient":""},"tablet":{"background-color":"var(--ast-global-color-5)","background-image":"","background-repeat":"repeat","background-position":"center center","background-size":"auto","background-attachment":"scroll","background-type":"","background-media":"","overlay-type":"","overlay-color":"","overlay-opacity":"","overlay-gradient":""},"mobile":{"background-color":"var(--ast-global-color-5)","background-image":"","background-repeat":"repeat","background-position":"center center","background-size":"auto","background-attachment":"scroll","background-type":"","background-media":"","overlay-type":"","overlay-color":"","overlay-opacity":"","overlay-gradient":""}},"footnotes":""},"class_list":["post-14","page","type-page","status-publish","hentry"],"aioseo_notices":[],"_links":{"self":[{"href":"https:\/\/reabilitacaoorofacial.com.br\/index.php\/wp-json\/wp\/v2\/pages\/14","targetHints":{"allow":["GET"]}}],"collection":[{"href":"https:\/\/reabilitacaoorofacial.com.br\/index.php\/wp-json\/wp\/v2\/pages"}],"about":[{"href":"https:\/\/reabilitacaoorofacial.com.br\/index.php\/wp-json\/wp\/v2\/types\/page"}],"author":[{"embeddable":true,"href":"https:\/\/reabilitacaoorofacial.com.br\/index.php\/wp-json\/wp\/v2\/users\/4"}],"replies":[{"embeddable":true,"href":"https:\/\/reabilitacaoorofacial.com.br\/index.php\/wp-json\/wp\/v2\/comments?post=14"}],"version-history":[{"count":19,"href":"https:\/\/reabilitacaoorofacial.com.br\/index.php\/wp-json\/wp\/v2\/pages\/14\/revisions"}],"predecessor-version":[{"id":824,"href":"https:\/\/reabilitacaoorofacial.com.br\/index.php\/wp-json\/wp\/v2\/pages\/14\/revisions\/824"}],"wp:attachment":[{"href":"https:\/\/reabilitacaoorofacial.com.br\/index.php\/wp-json\/wp\/v2\/media?parent=14"}],"curies":[{"name":"wp","href":"https:\/\/api.w.org\/{rel}","templated":true}]}}