{"id":746,"date":"2021-11-04T13:03:28","date_gmt":"2021-11-04T16:03:28","guid":{"rendered":"http:\/\/reabilitacaoorofacial.com.br\/?page_id=746"},"modified":"2021-12-21T09:37:24","modified_gmt":"2021-12-21T12:37:24","slug":"procedimentos-odontologicos","status":"publish","type":"page","link":"https:\/\/reabilitacaoorofacial.com.br\/index.php\/procedimentos-odontologicos\/","title":{"rendered":"Procedimentos Odontol\u00f3gicos"},"content":{"rendered":"\t\t<div data-elementor-type=\"wp-page\" data-elementor-id=\"746\" class=\"elementor elementor-746\">\n\t\t\t\t\t\t<section class=\"elementor-section elementor-top-section elementor-element elementor-element-d5c50d2 elementor-section-boxed elementor-section-height-default elementor-section-height-default\" data-id=\"d5c50d2\" data-element_type=\"section\" data-e-type=\"section\">\n\t\t\t\t\t\t<div class=\"elementor-container elementor-column-gap-default\">\n\t\t\t\t\t<div class=\"elementor-column elementor-col-100 elementor-top-column elementor-element elementor-element-f4ee54b elementor-invisible\" data-id=\"f4ee54b\" data-element_type=\"column\" data-e-type=\"column\" data-settings=\"{&quot;animation&quot;:&quot;fadeInLeft&quot;}\">\n\t\t\t<div class=\"elementor-widget-wrap elementor-element-populated\">\n\t\t\t\t\t\t<div class=\"elementor-element elementor-element-e4cf267 elementor-widget elementor-widget-image\" data-id=\"e4cf267\" data-element_type=\"widget\" data-e-type=\"widget\" data-widget_type=\"image.default\">\n\t\t\t\t<div class=\"elementor-widget-container\">\n\t\t\t\t\t\t\t\t\t\t\t\t\t\t\t<img decoding=\"async\" width=\"96\" height=\"96\" src=\"https:\/\/reabilitacaoorofacial.com.br\/wp-content\/uploads\/2021\/11\/icons8-screw-96.png\" class=\"attachment-large size-large wp-image-515\" alt=\"\" \/>\t\t\t\t\t\t\t\t\t\t\t\t\t\t\t<\/div>\n\t\t\t\t<\/div>\n\t\t\t\t<div class=\"elementor-element elementor-element-a56236f elementor-widget elementor-widget-heading\" data-id=\"a56236f\" data-element_type=\"widget\" data-e-type=\"widget\" data-widget_type=\"heading.default\">\n\t\t\t\t<div class=\"elementor-widget-container\">\n\t\t\t\t\t<h1 class=\"elementor-heading-title elementor-size-default\">Procedimentos odontol\u00f3gicos oferecidos na cl\u00ednica<\/h1>\t\t\t\t<\/div>\n\t\t\t\t<\/div>\n\t\t\t\t\t<\/div>\n\t\t<\/div>\n\t\t\t\t\t<\/div>\n\t\t<\/section>\n\t\t\t\t<section class=\"elementor-section elementor-top-section elementor-element elementor-element-560afb4 elementor-section-boxed elementor-section-height-default elementor-section-height-default\" data-id=\"560afb4\" data-element_type=\"section\" data-e-type=\"section\">\n\t\t\t\t\t\t<div class=\"elementor-container elementor-column-gap-default\">\n\t\t\t\t\t<div class=\"elementor-column elementor-col-100 elementor-top-column elementor-element elementor-element-48bcd92\" data-id=\"48bcd92\" data-element_type=\"column\" data-e-type=\"column\">\n\t\t\t<div class=\"elementor-widget-wrap elementor-element-populated\">\n\t\t\t\t\t\t<section class=\"elementor-section elementor-inner-section elementor-element elementor-element-a1e550a elementor-section-boxed elementor-section-height-default elementor-section-height-default\" data-id=\"a1e550a\" data-element_type=\"section\" data-e-type=\"section\">\n\t\t\t\t\t\t<div class=\"elementor-container elementor-column-gap-default\">\n\t\t\t\t\t<div class=\"elementor-column elementor-col-50 elementor-inner-column elementor-element elementor-element-278ef66\" data-id=\"278ef66\" data-element_type=\"column\" data-e-type=\"column\">\n\t\t\t<div class=\"elementor-widget-wrap elementor-element-populated\">\n\t\t\t\t\t\t<div class=\"elementor-element elementor-element-d50a43a elementor-widget elementor-widget-heading\" data-id=\"d50a43a\" data-element_type=\"widget\" data-e-type=\"widget\" data-widget_type=\"heading.default\">\n\t\t\t\t<div class=\"elementor-widget-container\">\n\t\t\t\t\t<h3 class=\"elementor-heading-title elementor-size-default\">Exodontia de terceiros molares (dentes do siso):<\/h3>\t\t\t\t<\/div>\n\t\t\t\t<\/div>\n\t\t\t\t<div class=\"elementor-element elementor-element-827680b elementor-widget elementor-widget-text-editor\" data-id=\"827680b\" data-element_type=\"widget\" data-e-type=\"widget\" data-widget_type=\"text-editor.default\">\n\t\t\t\t<div class=\"elementor-widget-container\">\n\t\t\t\t\t\t\t\t\t<p>A extra\u00e7\u00e3o de terceiros molares, conhecidos popularmente como \u201cdente do siso\u201d \u00e9 um dos procedimentos mais comuns em cirurgia bucal. Os motivos alegados para a remo\u00e7\u00e3o de terceiros molares incluem: o risco de c\u00e1ries, pericoronite (inflama\u00e7\u00e3o no capuz pericoron\u00e1rio que se encontra ao redor do dente), problemas periodontais na face distal dos segundos molares (dente \u201cvizinho\u201d a este) e cistos odontog\u00eanicos.<\/p>\t\t\t\t\t\t\t\t<\/div>\n\t\t\t\t<\/div>\n\t\t\t\t<div class=\"elementor-element elementor-element-2905047 elementor-widget elementor-widget-toggle\" data-id=\"2905047\" data-element_type=\"widget\" data-e-type=\"widget\" data-widget_type=\"toggle.default\">\n\t\t\t\t<div class=\"elementor-widget-container\">\n\t\t\t\t\t\t\t<div class=\"elementor-toggle\">\n\t\t\t\t\t\t\t<div class=\"elementor-toggle-item\">\n\t\t\t\t\t<div id=\"elementor-tab-title-4301\" class=\"elementor-tab-title\" data-tab=\"1\" role=\"button\" aria-controls=\"elementor-tab-content-4301\" aria-expanded=\"false\">\n\t\t\t\t\t\t\t\t\t\t\t\t<span class=\"elementor-toggle-icon elementor-toggle-icon-left\" aria-hidden=\"true\">\n\t\t\t\t\t\t\t\t\t\t\t\t\t\t\t<span class=\"elementor-toggle-icon-closed\"><i class=\"fas fa-caret-right\"><\/i><\/span>\n\t\t\t\t\t\t\t\t<span class=\"elementor-toggle-icon-opened\"><i class=\"elementor-toggle-icon-opened fas fa-caret-up\"><\/i><\/span>\n\t\t\t\t\t\t\t\t\t\t\t\t\t<\/span>\n\t\t\t\t\t\t\t\t\t\t\t\t<a class=\"elementor-toggle-title\" tabindex=\"0\">Quando extrair?<\/a>\n\t\t\t\t\t<\/div>\n\n\t\t\t\t\t<div id=\"elementor-tab-content-4301\" class=\"elementor-tab-content elementor-clearfix\" data-tab=\"1\" role=\"region\" aria-labelledby=\"elementor-tab-title-4301\"><p>O momento ideal para se optar pela extra\u00e7\u00e3o ou n\u00e3o dos terceiros molares tamb\u00e9m \u00e9 controverso e tem que ser avaliado cada caso individualmente, mais quanto mais jovem for o indiv\u00edduo, melhor o p\u00f3s-operat\u00f3rio.<\/p><\/div>\n\t\t\t\t<\/div>\n\t\t\t\t\t\t\t\t<\/div>\n\t\t\t\t\t\t<\/div>\n\t\t\t\t<\/div>\n\t\t\t\t\t<\/div>\n\t\t<\/div>\n\t\t\t\t<div class=\"elementor-column elementor-col-50 elementor-inner-column elementor-element elementor-element-c424fa8\" data-id=\"c424fa8\" data-element_type=\"column\" data-e-type=\"column\">\n\t\t\t<div class=\"elementor-widget-wrap elementor-element-populated\">\n\t\t\t\t\t\t<div class=\"elementor-element elementor-element-68e775b elementor-widget elementor-widget-heading\" data-id=\"68e775b\" data-element_type=\"widget\" data-e-type=\"widget\" data-widget_type=\"heading.default\">\n\t\t\t\t<div class=\"elementor-widget-container\">\n\t\t\t\t\t<h3 class=\"elementor-heading-title elementor-size-default\">Implantes dent\u00e1rios<\/h3>\t\t\t\t<\/div>\n\t\t\t\t<\/div>\n\t\t\t\t<div class=\"elementor-element elementor-element-b4e9832 elementor-widget elementor-widget-text-editor\" data-id=\"b4e9832\" data-element_type=\"widget\" data-e-type=\"widget\" data-widget_type=\"text-editor.default\">\n\t\t\t\t<div class=\"elementor-widget-container\">\n\t\t\t\t\t\t\t\t\t<p>Implantodontia\u00a0\u00e9 um ramo da\u00a0<a href=\"https:\/\/pt.wikipedia.org\/wiki\/Odontologia\">Odontologia<\/a>\u00a0que se destina ao tratamento do edentulismo (aus\u00eancia dent\u00e1ria), em que o(s) dente(s) perdidos s\u00e3o substitu\u00eddos por coroas suportadas ou retidas por implantes dent\u00e1rios.<\/p><p>Os Implantes dent\u00e1rios s\u00e3o parafusos (em tit\u00e2nio ou zirc\u00f4nia) posicionados cirurgicamente nos ossos mandibular e maxilar abaixo do tecido gengival para substituir as ra\u00edzes dos dentes perdidos.<\/p><p>Com a coloca\u00e7\u00e3o de implantes n\u00e3o \u00e9 necess\u00e1rio preparar ou desgastar um dente natural para apoiar os novos dentes substitutos no lugar como \u00e9 feito em pontes fixas convencionais. Al\u00e9m disso, \u00e9 poss\u00edvel eliminar o uso da dentadura (pr\u00f3tese total) e pr\u00f3tese remov\u00edvel, que ser\u00e3o substitu\u00eddas por pr\u00f3teses fixas, melhorando a capacidade mastigat\u00f3ria para triturar os alimentos e a seguran\u00e7a de n\u00e3o cair ou soltar a pr\u00f3tese.<\/p><p>Para receber um implante \u00e9 preciso que voc\u00ea tenha gengivas saud\u00e1veis e ossos adequados para sustent\u00e1-los. Voc\u00ea tamb\u00e9m deve comprometer-se a manter estas estruturas saud\u00e1veis.<\/p><p>No protocolo convencional, o per\u00edodo de espera para cicatriza\u00e7\u00e3o dos implantes e coloca\u00e7\u00e3o da pr\u00f3tese gira em torno de 3 a 6 meses. Entretanto, em v\u00e1rias situa\u00e7\u00f5es \u00e9 poss\u00edvel colocar o dente no mesmo dia ou em at\u00e9 72 horas ap\u00f3s a instala\u00e7\u00e3o dos implantes, procedimento que \u00e9 conhecido como carga imediata.<\/p>\t\t\t\t\t\t\t\t<\/div>\n\t\t\t\t<\/div>\n\t\t\t\t\t<\/div>\n\t\t<\/div>\n\t\t\t\t\t<\/div>\n\t\t<\/section>\n\t\t\t\t<section class=\"elementor-section elementor-inner-section elementor-element elementor-element-096b78e elementor-section-boxed elementor-section-height-default elementor-section-height-default\" data-id=\"096b78e\" data-element_type=\"section\" data-e-type=\"section\">\n\t\t\t\t\t\t<div class=\"elementor-container elementor-column-gap-default\">\n\t\t\t\t\t<div class=\"elementor-column elementor-col-50 elementor-inner-column elementor-element elementor-element-1391c07\" data-id=\"1391c07\" data-element_type=\"column\" data-e-type=\"column\">\n\t\t\t<div class=\"elementor-widget-wrap elementor-element-populated\">\n\t\t\t\t\t\t<div class=\"elementor-element elementor-element-b5a3831 elementor-widget elementor-widget-heading\" data-id=\"b5a3831\" data-element_type=\"widget\" data-e-type=\"widget\" data-widget_type=\"heading.default\">\n\t\t\t\t<div class=\"elementor-widget-container\">\n\t\t\t\t\t<h3 class=\"elementor-heading-title elementor-size-default\">Enxerto \u00f3sseo<\/h3>\t\t\t\t<\/div>\n\t\t\t\t<\/div>\n\t\t\t\t<div class=\"elementor-element elementor-element-a0396d0 elementor-widget elementor-widget-text-editor\" data-id=\"a0396d0\" data-element_type=\"widget\" data-e-type=\"widget\" data-widget_type=\"text-editor.default\">\n\t\t\t\t<div class=\"elementor-widget-container\">\n\t\t\t\t\t\t\t\t\t<p>\u00c9 um procedimento cir\u00fargico indicado para pessoas que apresentam perda \u00f3ssea, para permitir a instala\u00e7\u00e3o de implantes.<\/p>\t\t\t\t\t\t\t\t<\/div>\n\t\t\t\t<\/div>\n\t\t\t\t\t<\/div>\n\t\t<\/div>\n\t\t\t\t<div class=\"elementor-column elementor-col-50 elementor-inner-column elementor-element elementor-element-1f5f03d\" data-id=\"1f5f03d\" data-element_type=\"column\" data-e-type=\"column\">\n\t\t\t<div class=\"elementor-widget-wrap elementor-element-populated\">\n\t\t\t\t\t\t<div class=\"elementor-element elementor-element-6ec2d34 elementor-widget elementor-widget-heading\" data-id=\"6ec2d34\" data-element_type=\"widget\" data-e-type=\"widget\" data-widget_type=\"heading.default\">\n\t\t\t\t<div class=\"elementor-widget-container\">\n\t\t\t\t\t<h3 class=\"elementor-heading-title elementor-size-default\">Cirurgia Guiada para instala\u00e7\u00e3o de implantes osseointegr\u00e1veis<\/h3>\t\t\t\t<\/div>\n\t\t\t\t<\/div>\n\t\t\t\t<div class=\"elementor-element elementor-element-bea2c1c elementor-widget elementor-widget-text-editor\" data-id=\"bea2c1c\" data-element_type=\"widget\" data-e-type=\"widget\" data-widget_type=\"text-editor.default\">\n\t\t\t\t<div class=\"elementor-widget-container\">\n\t\t\t\t\t\t\t\t\t<p>\u00c9 um procedimento baseado no planejamento digital dos implantes que ser\u00e3o instalados em boca e confec\u00e7\u00e3o de um Guia Impresso para direcionar essa instala\u00e7\u00e3o, feito totalmente digital, sendo assim preciso e previs\u00edvel, diminuindo o tempo cir\u00fargico, quantidade de anestesia e em alguns casos n\u00e3o h\u00e1 necessidade de incis\u00e3o, ou seja, sem necessidade de sutura, proporcionando um p\u00f3s operat\u00f3rio com maior conforto, pouco edema e menor risco de infec\u00e7\u00e3o.<\/p>\t\t\t\t\t\t\t\t<\/div>\n\t\t\t\t<\/div>\n\t\t\t\t\t<\/div>\n\t\t<\/div>\n\t\t\t\t\t<\/div>\n\t\t<\/section>\n\t\t\t\t<section class=\"elementor-section elementor-inner-section elementor-element elementor-element-0f71eaf elementor-section-boxed elementor-section-height-default elementor-section-height-default\" data-id=\"0f71eaf\" data-element_type=\"section\" data-e-type=\"section\">\n\t\t\t\t\t\t<div class=\"elementor-container elementor-column-gap-default\">\n\t\t\t\t\t<div class=\"elementor-column elementor-col-50 elementor-inner-column elementor-element elementor-element-eac8fbb\" data-id=\"eac8fbb\" data-element_type=\"column\" data-e-type=\"column\">\n\t\t\t<div class=\"elementor-widget-wrap elementor-element-populated\">\n\t\t\t\t\t\t<div class=\"elementor-element elementor-element-8a0d81b elementor-widget elementor-widget-heading\" data-id=\"8a0d81b\" data-element_type=\"widget\" data-e-type=\"widget\" data-widget_type=\"heading.default\">\n\t\t\t\t<div class=\"elementor-widget-container\">\n\t\t\t\t\t<h3 class=\"elementor-heading-title elementor-size-default\">Pr\u00f3tese sobre implante<\/h3>\t\t\t\t<\/div>\n\t\t\t\t<\/div>\n\t\t\t\t<div class=\"elementor-element elementor-element-75cf83c elementor-widget elementor-widget-text-editor\" data-id=\"75cf83c\" data-element_type=\"widget\" data-e-type=\"widget\" data-widget_type=\"text-editor.default\">\n\t\t\t\t<div class=\"elementor-widget-container\">\n\t\t\t\t\t\t\t\t\t<p>Esse tipo de pr\u00f3tese necessita dos implantes osseointegr\u00e1veis, que s\u00e3o instalados diretamente sobre o osso da maxila ou mand\u00edbula e funcionam como substitutos das ra\u00edzes naturais dos dentes. Os implantes funcionam como um suporte para as pr\u00f3teses de porcelanas, resina ou zirc\u00f4nia que podem ser parafusadas ou cimentadas sobre eles, melhorando e\/ou devolvendo a fun\u00e7\u00e3o, conforto na mastiga\u00e7\u00e3o e est\u00e9tica para o paciente.<\/p>\t\t\t\t\t\t\t\t<\/div>\n\t\t\t\t<\/div>\n\t\t\t\t\t<\/div>\n\t\t<\/div>\n\t\t\t\t<div class=\"elementor-column elementor-col-50 elementor-inner-column elementor-element elementor-element-d165211\" data-id=\"d165211\" data-element_type=\"column\" data-e-type=\"column\">\n\t\t\t<div class=\"elementor-widget-wrap elementor-element-populated\">\n\t\t\t\t\t\t<div class=\"elementor-element elementor-element-639c1c9 elementor-widget elementor-widget-heading\" data-id=\"639c1c9\" data-element_type=\"widget\" data-e-type=\"widget\" data-widget_type=\"heading.default\">\n\t\t\t\t<div class=\"elementor-widget-container\">\n\t\t\t\t\t<h3 class=\"elementor-heading-title elementor-size-default\">Pr\u00f3tese tipo Protocolo<\/h3>\t\t\t\t<\/div>\n\t\t\t\t<\/div>\n\t\t\t\t<div class=\"elementor-element elementor-element-01b3af4 elementor-widget elementor-widget-text-editor\" data-id=\"01b3af4\" data-element_type=\"widget\" data-e-type=\"widget\" data-widget_type=\"text-editor.default\">\n\t\t\t\t<div class=\"elementor-widget-container\">\n\t\t\t\t\t\t\t\t\t<p>Confeccionada sobre implantes osseointegr\u00e1veis, pode ser de porcelana ou resina, refor\u00e7ada internamente com metal, cer\u00e2mica ou zirc\u00f4nia. Busca substituir todos os dentes da arcada dent\u00e1ria, maxila e mand\u00edbula, melhorando a fun\u00e7\u00e3o, est\u00e9tica e proporcionando o conforto da pr\u00f3tese fixa.<\/p>\t\t\t\t\t\t\t\t<\/div>\n\t\t\t\t<\/div>\n\t\t\t\t\t<\/div>\n\t\t<\/div>\n\t\t\t\t\t<\/div>\n\t\t<\/section>\n\t\t\t\t<section class=\"elementor-section elementor-inner-section elementor-element elementor-element-92ec1d6 elementor-section-boxed elementor-section-height-default elementor-section-height-default\" data-id=\"92ec1d6\" data-element_type=\"section\" data-e-type=\"section\">\n\t\t\t\t\t\t<div class=\"elementor-container elementor-column-gap-default\">\n\t\t\t\t\t<div class=\"elementor-column elementor-col-50 elementor-inner-column elementor-element elementor-element-b159cce\" data-id=\"b159cce\" data-element_type=\"column\" data-e-type=\"column\">\n\t\t\t<div class=\"elementor-widget-wrap elementor-element-populated\">\n\t\t\t\t\t\t<div class=\"elementor-element elementor-element-f4733e6 elementor-widget elementor-widget-heading\" data-id=\"f4733e6\" data-element_type=\"widget\" data-e-type=\"widget\" data-widget_type=\"heading.default\">\n\t\t\t\t<div class=\"elementor-widget-container\">\n\t\t\t\t\t<h3 class=\"elementor-heading-title elementor-size-default\">Pr\u00f3tese Total <\/h3>\t\t\t\t<\/div>\n\t\t\t\t<\/div>\n\t\t\t\t<div class=\"elementor-element elementor-element-d3fc085 elementor-widget elementor-widget-text-editor\" data-id=\"d3fc085\" data-element_type=\"widget\" data-e-type=\"widget\" data-widget_type=\"text-editor.default\">\n\t\t\t\t<div class=\"elementor-widget-container\">\n\t\t\t\t\t\t\t\t\t<p>Devolve a fun\u00e7\u00e3o mastigat\u00f3ria e est\u00e9tica para pacientes que perderam todos os dentes e n\u00e3o fizeram implantes.<\/p>\t\t\t\t\t\t\t\t<\/div>\n\t\t\t\t<\/div>\n\t\t\t\t\t<\/div>\n\t\t<\/div>\n\t\t\t\t<div class=\"elementor-column elementor-col-50 elementor-inner-column elementor-element elementor-element-cbb0dd7\" data-id=\"cbb0dd7\" data-element_type=\"column\" data-e-type=\"column\">\n\t\t\t<div class=\"elementor-widget-wrap\">\n\t\t\t\t\t\t\t<\/div>\n\t\t<\/div>\n\t\t\t\t\t<\/div>\n\t\t<\/section>\n\t\t\t\t\t<\/div>\n\t\t<\/div>\n\t\t\t\t\t<\/div>\n\t\t<\/section>\n\t\t\t\t<\/div>\n\t\t","protected":false},"excerpt":{"rendered":"<p>Procedimentos odontol\u00f3gicos oferecidos na cl\u00ednica Exodontia de terceiros molares (dentes do siso): A extra\u00e7\u00e3o de terceiros molares, conhecidos popularmente como \u201cdente do siso\u201d \u00e9 um dos procedimentos mais comuns em cirurgia bucal. Os motivos alegados para a remo\u00e7\u00e3o de terceiros molares incluem: o risco de c\u00e1ries, pericoronite (inflama\u00e7\u00e3o no capuz pericoron\u00e1rio que se encontra ao [&hellip;]<\/p>\n","protected":false},"author":4,"featured_media":0,"parent":0,"menu_order":0,"comment_status":"closed","ping_status":"closed","template":"","meta":{"om_disable_all_campaigns":false,"_monsterinsights_skip_tracking":false,"_monsterinsights_sitenote_active":false,"_monsterinsights_sitenote_note":"","_monsterinsights_sitenote_category":0,"site-sidebar-layout":"no-sidebar","site-content-layout":"page-builder","ast-site-content-layout":"default","site-content-style":"default","site-sidebar-style":"default","ast-global-header-display":"","ast-banner-title-visibility":"","ast-main-header-display":"","ast-hfb-above-header-display":"","ast-hfb-below-header-display":"","ast-hfb-mobile-header-display":"","site-post-title":"disabled","ast-breadcrumbs-content":"","ast-featured-img":"disabled","footer-sml-layout":"","ast-disable-related-posts":"","theme-transparent-header-meta":"","adv-header-id-meta":"","stick-header-meta":"","header-above-stick-meta":"","header-main-stick-meta":"","header-below-stick-meta":"","astra-migrate-meta-layouts":"default","ast-page-background-enabled":"default","ast-page-background-meta":{"desktop":{"background-color":"","background-image":"","background-repeat":"repeat","background-position":"center center","background-size":"auto","background-attachment":"scroll","background-type":"","background-media":"","overlay-type":"","overlay-color":"","overlay-opacity":"","overlay-gradient":""},"tablet":{"background-color":"","background-image":"","background-repeat":"repeat","background-position":"center center","background-size":"auto","background-attachment":"scroll","background-type":"","background-media":"","overlay-type":"","overlay-color":"","overlay-opacity":"","overlay-gradient":""},"mobile":{"background-color":"","background-image":"","background-repeat":"repeat","background-position":"center center","background-size":"auto","background-attachment":"scroll","background-type":"","background-media":"","overlay-type":"","overlay-color":"","overlay-opacity":"","overlay-gradient":""}},"ast-content-background-meta":{"desktop":{"background-color":"var(--ast-global-color-5)","background-image":"","background-repeat":"repeat","background-position":"center center","background-size":"auto","background-attachment":"scroll","background-type":"","background-media":"","overlay-type":"","overlay-color":"","overlay-opacity":"","overlay-gradient":""},"tablet":{"background-color":"var(--ast-global-color-5)","background-image":"","background-repeat":"repeat","background-position":"center center","background-size":"auto","background-attachment":"scroll","background-type":"","background-media":"","overlay-type":"","overlay-color":"","overlay-opacity":"","overlay-gradient":""},"mobile":{"background-color":"var(--ast-global-color-5)","background-image":"","background-repeat":"repeat","background-position":"center center","background-size":"auto","background-attachment":"scroll","background-type":"","background-media":"","overlay-type":"","overlay-color":"","overlay-opacity":"","overlay-gradient":""}},"footnotes":""},"class_list":["post-746","page","type-page","status-publish","hentry"],"aioseo_notices":[],"_links":{"self":[{"href":"https:\/\/reabilitacaoorofacial.com.br\/index.php\/wp-json\/wp\/v2\/pages\/746","targetHints":{"allow":["GET"]}}],"collection":[{"href":"https:\/\/reabilitacaoorofacial.com.br\/index.php\/wp-json\/wp\/v2\/pages"}],"about":[{"href":"https:\/\/reabilitacaoorofacial.com.br\/index.php\/wp-json\/wp\/v2\/types\/page"}],"author":[{"embeddable":true,"href":"https:\/\/reabilitacaoorofacial.com.br\/index.php\/wp-json\/wp\/v2\/users\/4"}],"replies":[{"embeddable":true,"href":"https:\/\/reabilitacaoorofacial.com.br\/index.php\/wp-json\/wp\/v2\/comments?post=746"}],"version-history":[{"count":13,"href":"https:\/\/reabilitacaoorofacial.com.br\/index.php\/wp-json\/wp\/v2\/pages\/746\/revisions"}],"predecessor-version":[{"id":918,"href":"https:\/\/reabilitacaoorofacial.com.br\/index.php\/wp-json\/wp\/v2\/pages\/746\/revisions\/918"}],"wp:attachment":[{"href":"https:\/\/reabilitacaoorofacial.com.br\/index.php\/wp-json\/wp\/v2\/media?parent=746"}],"curies":[{"name":"wp","href":"https:\/\/api.w.org\/{rel}","templated":true}]}}